{"id":114,"date":"2024-10-04T12:11:13","date_gmt":"2024-10-04T12:11:13","guid":{"rendered":"https:\/\/jahilaskmine.ee\/?page_id=114"},"modified":"2024-10-04T12:15:32","modified_gmt":"2024-10-04T12:15:32","slug":"ohutusnouded-2","status":"publish","type":"page","link":"https:\/\/jahilaskmine.ee\/?page_id=114","title":{"rendered":"Ohutusn\u00f5uded"},"content":{"rendered":"\n<p><strong>OHUTUSN\u00d5UDED ELVA JAHILASKETIIR&nbsp;&nbsp;&nbsp;&nbsp;&nbsp;&nbsp;&nbsp;&nbsp;&nbsp;<\/strong><\/p>\n\n\n\n<p><strong>Kinnitatud 01.09.2024<\/strong><\/p>\n\n\n\n<ol class=\"wp-block-list\">\n<li>Laskur peab t\u00e4itma laskmist l\u00e4biviiva isiku k\u00e4sklusi ning teadma ja j\u00e4rgima tulirelva ja laskemoona k\u00e4sitsemise ohutusn\u00f5udeid, lasketiirus tulirelvadega tegutsemise ohutusreegleid ning sisekorraeeskirja.<\/li>\n\n\n\n<li>Tulirelva v\u00f5ib laadida, kui selleks on andnud k\u00e4skluse laskmist l\u00e4biviiv isik v\u00f5i kohtunik v\u00f5i spordiala reeglite kohaselt.<\/li>\n\n\n\n<li>Laetud tulirelva on keelatud suunata v\u00e4ljapoole m\u00e4rkideala v\u00f5i v\u00e4ljapoole ohutut suunda.<\/li>\n\n\n\n<li>Laadimata tulirelva suunamine v\u00e4ljapoole m\u00e4rkideala v\u00f5i ohutut suunda on lubatud \u00fcksnes ohutusalas.<\/li>\n\n\n\n<li>Kategooriliselt on keelatud suunata (ka laadimata) relva inimeste ja loomade suunas!<\/li>\n\n\n\n<li>Kui laskealas viibivad inimesed, on keelatud tulirelva laadida.\u00a0<\/li>\n\n\n\n<li>Laskmist v\u00f5ib alustada p\u00e4rast laskmist l\u00e4biviiva isiku k\u00e4sklust v\u00f5i spordiala reeglite kohaselt.<\/li>\n\n\n\n<li>Laskmine tuleb l\u00f5petada v\u00f5i katkestada p\u00e4rast laskmist l\u00e4biviiva isiku, kohtuniku v\u00f5i kontrollija sellekohast k\u00e4sklust.<\/li>\n\n\n\n<li>P\u00e4rast viimase lasu sooritamist v\u00f5i laskmist l\u00e4biviiva isiku, kohtuniku v\u00f5i kontrollija k\u00e4sklust peab laskur tulirelva t\u00fchjaks laadima.<\/li>\n\n\n\n<li>Laskmisega mitteseotud objekti ilmumisel laskealale v\u00f5i muu ohu korral peab laskmist l\u00e4biviiv isik, kohtunik v\u00f5i kontrollija, kes ohtu esimesena m\u00e4rkab, viivitamata andma laskurile k\u00e4skluse laskmine katkestada. Kui ohtu m\u00e4rkab esimesena laskur, katkestab ta laskmise viivitamata.<\/li>\n\n\n\n<li>Kui lasketiirus v\u00f5i selle \u00fcmbruses ilmneb laskmise ajal laskmisest p\u00f5hjustatud oht, tuleb laskmine viivitamata l\u00f5petada, kuni on \u00e4ra langenud ohtu p\u00f5hjustavad tingimused.<\/li>\n\n\n\n<li>Ajal, mil laskmist ei toimu, peab lasketiiru alal olev tulirelv olema kas t\u00fchjaks laetud, lahti murtud,\u00a0 lahtise lukuga, t\u00fchja padrunipesaga v\u00f5i peab selle padrunipesas asuma turvalipp.<\/li>\n\n\n\n<li>Lasketiirus v\u00f5ib tulirelva laskmiseks ette valmistada v\u00f5i hooldada ainult selleks kohandatud ruumis v\u00f5i kohas, j\u00e4rgides lasketiiru reegleid ja laskmist l\u00e4biviiva isiku v\u00f5i kohtuniku korraldusi.<\/li>\n\n\n\n<li>Tulirelva ja laskemoona ei v\u00f5i j\u00e4tta valveta.<\/li>\n\n\n\n<li>Lasketiirus vastutab tulirelva ja laskemoona eest laskur.<\/li>\n\n\n\n<li>Kohtuniku korralduse kohaselt v\u00f5ib laskur j\u00e4tta tulirelva v\u00f5istluse v\u00f5i treeningu ajal treeneri v\u00f5i laskmist l\u00e4biviiva isiku vahetu valve alla vastutavale hoiule.<\/li>\n\n\n\n<li>Harjutused, mille ajal laskemoona ei kasutata ja tulirelva ei laeta, v\u00f5ivad toimuda \u00fcksnes tulejoonel, ohutusalas v\u00f5i kohas, mis on selleks ette n\u00e4htud. Harjutuste l\u00e4biviimisel peab j\u00e4rgima lasketiiru v\u00f5i laskepaiga reegleid ja laskmist l\u00e4biviiva isiku v\u00f5i kohtuniku korraldusi.<\/li>\n\n\n\n<li>Peale laskeharjutuse sooritamist tuleb korrastada laskepositsioon.<\/li>\n\n\n\n<li>Kuulmekaitsmed on kohustuslikud. Soovituslik on kasutada kaitseprille ja peakatet.<\/li>\n\n\n\n<li>Laskurit on keelatud laskeharjutuse ajal h\u00e4irida (nt. lasketulemuste, varustuse vms. kommenteerimine v\u00f5ib m\u00f5jutada soorituse tulemust).<\/li>\n\n\n\n<li>J\u00e4rjekorras ootavad laskurid ja pealtvaatajad peavad asuma selgelt tagapool laskurit ja tulejoont.<\/li>\n\n\n\n<li>T\u00f5rkest tuleb viivitamatult teavitada laskeinstruktorit. Edasine relva k\u00e4sitlemine ja kasutamine on lubatud ainult laskeinstruktori n\u00f5usolekul.<\/li>\n\n\n\n<li>Laskur v\u00f5ib kasutada ainult tehniliselt korras olevat relva.<\/li>\n<\/ol>\n\n\n\n<p><strong>\u00d5NNETUSE KORRAL K\u00d5RVALDA OTSENE OHT, TEAVITA 112, ANNA ESMAABI!<\/strong><\/p>\n\n\n\n<p><\/p>\n","protected":false},"excerpt":{"rendered":"<p>OHUTUSN\u00d5UDED ELVA JAHILASKETIIR&nbsp;&nbsp;&nbsp;&nbsp;&nbsp;&nbsp;&nbsp;&nbsp;&nbsp; Kinnitatud 01.09.2024 \u00d5NNETUSE KORRAL K\u00d5RVALDA OTSENE OHT, TEAVITA 112, ANNA ESMAABI!<\/p>\n","protected":false},"author":1,"featured_media":0,"parent":0,"menu_order":0,"comment_status":"closed","ping_status":"closed","template":"","meta":{"footnotes":""},"class_list":["post-114","page","type-page","status-publish","hentry"],"_links":{"self":[{"href":"https:\/\/jahilaskmine.ee\/index.php?rest_route=\/wp\/v2\/pages\/114","targetHints":{"allow":["GET"]}}],"collection":[{"href":"https:\/\/jahilaskmine.ee\/index.php?rest_route=\/wp\/v2\/pages"}],"about":[{"href":"https:\/\/jahilaskmine.ee\/index.php?rest_route=\/wp\/v2\/types\/page"}],"author":[{"embeddable":true,"href":"https:\/\/jahilaskmine.ee\/index.php?rest_route=\/wp\/v2\/users\/1"}],"replies":[{"embeddable":true,"href":"https:\/\/jahilaskmine.ee\/index.php?rest_route=%2Fwp%2Fv2%2Fcomments&post=114"}],"version-history":[{"count":3,"href":"https:\/\/jahilaskmine.ee\/index.php?rest_route=\/wp\/v2\/pages\/114\/revisions"}],"predecessor-version":[{"id":126,"href":"https:\/\/jahilaskmine.ee\/index.php?rest_route=\/wp\/v2\/pages\/114\/revisions\/126"}],"wp:attachment":[{"href":"https:\/\/jahilaskmine.ee\/index.php?rest_route=%2Fwp%2Fv2%2Fmedia&parent=114"}],"curies":[{"name":"wp","href":"https:\/\/api.w.org\/{rel}","templated":true}]}}