{"id":2,"date":"2024-10-02T19:35:56","date_gmt":"2024-10-02T19:35:56","guid":{"rendered":"https:\/\/jahilaskmine.ee\/?page_id=2"},"modified":"2026-03-23T09:57:24","modified_gmt":"2026-03-23T09:57:24","slug":"demoleht","status":"publish","type":"page","link":"https:\/\/jahilaskmine.ee\/?page_id=2","title":{"rendered":"Jahilaskmisest"},"content":{"rendered":"\n<p>Jahilaskmine on spordiala, kus sileraudsetest p\u00fcssidest lastakse haavlitega lendavaid savitaldrikuid. Savitaldrikud lendavad erinevatel trajektooridel, j\u00e4ljendades sellega &#8220;linnujahti&#8221;. Savitaldrikud on erineva suuruse ja v\u00e4rviga, enamuses 110 mm l\u00e4bim\u00f5\u00f5duga, mis lendavad vastavate heitemasinatega lennutades erinevatel kaugustel ja k\u00f5rgustel. Laskmiseks kasutatakse 12 kaliibrilisi sileraudseid p\u00fcsse ning laskemoonana on kasutusel 24 &#8211; 28g laengu ja 2.0 &#8211; 2.5mm (nr. 9 kuni 7)&nbsp;l\u00e4bim\u00f5\u00f5duga haavlitega laetud padruneid.<\/p>\n\n\n\n<p>Paljud jahimehed harjutavad laskmist just enne linnujahile minekut, et olla kindel oma laskeoskuses. V\u00e4ga populaarne on aga laskmine sportlikul eesm\u00e4rgil. Eestis korraldatavate v\u00f5istluste kohta saab infot Eesti Jahispordi Liidu kodulehelt&nbsp;<a href=\"http:\/\/www.ejsl.ee\/\">www.ejsl.ee<\/a>&nbsp;Samalt kodulehelt on leitav kogu jahilaskmist puudutav info (juhendid, liikmed, litsentsid jne.)<\/p>\n\n\n\n<p><strong>LASKETIIRU AJALUGU<\/strong><\/p>\n\n\n\n<p>Elva jahilasketiiru ehitamist alustati 70-ndate aastate alguses. Jahilasketiir on l\u00e4bi aegade kuulunud erinevatele organisatsioonidele. Lasketiiru hiilgeaeg j\u00e4\u00e4b kaheksak\u00fcmnendatesse aastatesse, kui eestvedajaks ja tiiru \u201chingeks\u201d oli Vello Volmer. Lasketiirus oli sellel perioodil t\u00f6\u00f6korras kolm kaarrada ja kaks kaevikrada. Ehitusj\u00e4rgus oli veel kolmaski kaevikrada, mis j\u00e4i aga l\u00f5puni ehitamata. Lisaks Eesti v\u00f5istlustele korraldati Elva jahilasketiirus palju n\u00f5ukogudeliidu \u00fcleliidulisi meistriv\u00f5istlusi, mis n\u00e4itab tiiru olulisust.<\/p>\n\n\n\n<p>80-ndate l\u00f5pus oli tiirus treeneriks praegune Tartu Jahindusklubi juhatuse esimees Jaak Volmer ja tiiru hooldajaks Toivo Anton.<\/p>\n\n\n\n<p>Eesti Vabariigi taass\u00fcnniga j\u00e4i jahilasketiir raskesse olukorda ning ei p\u00e4\u00e4senud tiir ka vandaalitsemistest. Jaak Volmer pani kokku aktiivsetest laskuritest seltskonna, kes hakkasid uuesti tiirus k\u00e4ima ning jahilaskmist populariseerima.<\/p>\n\n\n\n<p>2006 a. hakkas jahilasketiiru korrastama Tartumaa Tervisespordikeskus. Paraku aga otsustas riik allasutuse likvideerida ja nii otsiti muid v\u00f5imalusi jahilasketiiru s\u00e4ilitamiseks ning arenguteks.<\/p>\n\n\n\n<p>2008 a. l\u00f5pus asutati MT\u00dc Elva Jahilaskeklubi Andres K\u00f5iva ja Jaak Vahi eestvedamisel, kes hakkasid jahilasketiiru edasi arendama ning v\u00f5istlusi korraldama.&nbsp;<\/p>\n\n\n\n<p>2024 aasta septembrist v\u00f5tsid lasketiiru teatepulga \u00fcle uued entusiastid &#8211; Ari Lustila, Marek Lillem\u00e4e, Taivo Tigane, Karl-Peeter Ein, Imre Meinberg ning tegevust tiirus alustas MT\u00dc ELVA JLK.<\/p>\n","protected":false},"excerpt":{"rendered":"<p>Jahilaskmine on spordiala, kus sileraudsetest p\u00fcssidest lastakse haavlitega lendavaid savitaldrikuid. Savitaldrikud lendavad erinevatel trajektooridel, j\u00e4ljendades sellega &#8220;linnujahti&#8221;. Savitaldrikud on erineva suuruse ja v\u00e4rviga, enamuses 110 mm l\u00e4bim\u00f5\u00f5duga, mis lendavad vastavate heitemasinatega lennutades erinevatel kaugustel ja k\u00f5rgustel. Laskmiseks kasutatakse 12 kaliibrilisi sileraudseid p\u00fcsse ning laskemoonana on kasutusel 24 &#8211; 28g laengu ja 2.0 &#8211; 2.5mm (nr. [&hellip;]<\/p>\n","protected":false},"author":1,"featured_media":0,"parent":0,"menu_order":0,"comment_status":"closed","ping_status":"closed","template":"","meta":{"footnotes":""},"class_list":["post-2","page","type-page","status-publish","hentry"],"_links":{"self":[{"href":"https:\/\/jahilaskmine.ee\/index.php?rest_route=\/wp\/v2\/pages\/2","targetHints":{"allow":["GET"]}}],"collection":[{"href":"https:\/\/jahilaskmine.ee\/index.php?rest_route=\/wp\/v2\/pages"}],"about":[{"href":"https:\/\/jahilaskmine.ee\/index.php?rest_route=\/wp\/v2\/types\/page"}],"author":[{"embeddable":true,"href":"https:\/\/jahilaskmine.ee\/index.php?rest_route=\/wp\/v2\/users\/1"}],"replies":[{"embeddable":true,"href":"https:\/\/jahilaskmine.ee\/index.php?rest_route=%2Fwp%2Fv2%2Fcomments&post=2"}],"version-history":[{"count":16,"href":"https:\/\/jahilaskmine.ee\/index.php?rest_route=\/wp\/v2\/pages\/2\/revisions"}],"predecessor-version":[{"id":254,"href":"https:\/\/jahilaskmine.ee\/index.php?rest_route=\/wp\/v2\/pages\/2\/revisions\/254"}],"wp:attachment":[{"href":"https:\/\/jahilaskmine.ee\/index.php?rest_route=%2Fwp%2Fv2%2Fmedia&parent=2"}],"curies":[{"name":"wp","href":"https:\/\/api.w.org\/{rel}","templated":true}]}}