{"id":45,"date":"2024-10-03T11:48:22","date_gmt":"2024-10-03T11:48:22","guid":{"rendered":"https:\/\/jahilaskmine.ee\/?page_id=45"},"modified":"2026-01-26T09:40:57","modified_gmt":"2026-01-26T09:40:57","slug":"kontakt-2","status":"publish","type":"page","link":"https:\/\/jahilaskmine.ee\/?page_id=45","title":{"rendered":"Kontakt"},"content":{"rendered":"\n<div class=\"wp-block-columns is-layout-flex wp-container-core-columns-is-layout-9d6595d7 wp-block-columns-is-layout-flex\">\n<div class=\"wp-block-column is-layout-flow wp-block-column-is-layout-flow\">\n<h1 class=\"wp-block-heading\">Kontakt:<\/h1>\n\n\n\n<p>E-mail: <a href=\"mailto:info@jahilaskmine.ee\">info@jahilaskmine.ee<\/a><\/p>\n\n\n\n<p>Tel. +372 5569 8175 Karl-Peeter<br>Tel. +372 5043 972 Marek<br>Tel. +372 5109 122 Ari<br>Tel. +372 5341 5136 Taivo<br>Tel. +372 5661 7905 Imre<br><br><strong>Operatiivse info leiad meie Facebooki lehelt<\/strong><\/p>\n\n\n\n<ul class=\"wp-block-social-links alignleft is-layout-flex wp-block-social-links-is-layout-flex\"><li class=\"wp-social-link wp-social-link-facebook  wp-block-social-link\"><a href=\"https:\/\/www.facebook.com\/profile.php?id=61574614790996\" class=\"wp-block-social-link-anchor\"><svg width=\"24\" height=\"24\" viewBox=\"0 0 24 24\" version=\"1.1\" xmlns=\"http:\/\/www.w3.org\/2000\/svg\" aria-hidden=\"true\" focusable=\"false\"><path d=\"M12 2C6.5 2 2 6.5 2 12c0 5 3.7 9.1 8.4 9.9v-7H7.9V12h2.5V9.8c0-2.5 1.5-3.9 3.8-3.9 1.1 0 2.2.2 2.2.2v2.5h-1.3c-1.2 0-1.6.8-1.6 1.6V12h2.8l-.4 2.9h-2.3v7C18.3 21.1 22 17 22 12c0-5.5-4.5-10-10-10z\"><\/path><\/svg><span class=\"wp-block-social-link-label screen-reader-text\">Facebook<\/span><\/a><\/li><\/ul>\n<\/div>\n\n\n\n<div class=\"wp-block-column is-layout-flow wp-block-column-is-layout-flow\">\n<h1 class=\"wp-block-heading\">Tiir avatud:<\/h1>\n\n\n\n<p><strong>Suvisel perioodil:<\/strong> <br>Kolmap\u00e4evad alates 17:00<br>P\u00fchap\u00e4evad 11:00-14:00<\/p>\n\n\n\n<p><strong>Talvisel perioodil<\/strong>:<br>P\u00fchap\u00e4evad 11:00-14:00<\/p>\n\n\n\n<p><strong>S\u00fcgisel ja talvel on kolmap\u00e4eviti tiir suletud.<\/strong><\/p>\n\n\n\n<p>Gruppidele kokkuleppel!<\/p>\n<\/div>\n\n\n\n<div class=\"wp-block-column is-layout-flow wp-block-column-is-layout-flow\">\n<h1 class=\"wp-block-heading\">Asukoht:<\/h1>\n\n\n\n<p><strong>Elva Jahilasketiir<br>Uderna k\u00fcla, Elva vald<br>61016 Tartu maakond<\/strong><\/p>\n\n\n\n<p><br>Juriidiline aadress:<br>MT\u00dc ELVA JLK 80643410<br>Pargi tee 12, Haaslava k\u00fcla, <br>62107 Kastre vald, Tartu maakond <\/p>\n\n\n\n<p>MT\u00dc ELVA JLK on Eesti Jahispordi Liidu liige alates 2024.<\/p>\n\n\n\n<p><\/p>\n<\/div>\n<\/div>\n\n\n\n<iframe src=\"https:\/\/www.google.com\/maps\/embed?pb=!1m18!1m12!1m3!1d134560.87653506573!2d26.11390209453124!3d58.19905700000001!2m3!1f0!2f0!3f0!3m2!1i1024!2i768!4f13.1!3m3!1m2!1s0x46eb3fe3b502a701%3A0x34d19f4d5a19abd0!2sElva%20Jahilaskeklubi%20MT%C3%9C!5e0!3m2!1sen!2suk!4v1727956001863!5m2!1sen!2suk\" width=\"400\" height=\"300\" style=\"border:0;\" allowfullscreen=\"\" loading=\"lazy\" referrerpolicy=\"no-referrer-when-downgrade\"><\/iframe>\n\n\n\n<p><\/p>\n","protected":false},"excerpt":{"rendered":"<p>Kontakt: E-mail: info@jahilaskmine.ee Tel. +372 5569 8175 Karl-PeeterTel. +372 5043 972 MarekTel. +372 5109 122 AriTel. +372 5341 5136 TaivoTel. +372 5661 7905 Imre Operatiivse info leiad meie Facebooki lehelt Tiir avatud: Suvisel perioodil: Kolmap\u00e4evad alates 17:00P\u00fchap\u00e4evad 11:00-14:00 Talvisel perioodil:P\u00fchap\u00e4evad 11:00-14:00 S\u00fcgisel ja talvel on kolmap\u00e4eviti tiir suletud. Gruppidele kokkuleppel! Asukoht: Elva JahilasketiirUderna k\u00fcla, Elva [&hellip;]<\/p>\n","protected":false},"author":1,"featured_media":0,"parent":0,"menu_order":0,"comment_status":"closed","ping_status":"closed","template":"","meta":{"footnotes":""},"class_list":["post-45","page","type-page","status-publish","hentry"],"_links":{"self":[{"href":"https:\/\/jahilaskmine.ee\/index.php?rest_route=\/wp\/v2\/pages\/45","targetHints":{"allow":["GET"]}}],"collection":[{"href":"https:\/\/jahilaskmine.ee\/index.php?rest_route=\/wp\/v2\/pages"}],"about":[{"href":"https:\/\/jahilaskmine.ee\/index.php?rest_route=\/wp\/v2\/types\/page"}],"author":[{"embeddable":true,"href":"https:\/\/jahilaskmine.ee\/index.php?rest_route=\/wp\/v2\/users\/1"}],"replies":[{"embeddable":true,"href":"https:\/\/jahilaskmine.ee\/index.php?rest_route=%2Fwp%2Fv2%2Fcomments&post=45"}],"version-history":[{"count":36,"href":"https:\/\/jahilaskmine.ee\/index.php?rest_route=\/wp\/v2\/pages\/45\/revisions"}],"predecessor-version":[{"id":252,"href":"https:\/\/jahilaskmine.ee\/index.php?rest_route=\/wp\/v2\/pages\/45\/revisions\/252"}],"wp:attachment":[{"href":"https:\/\/jahilaskmine.ee\/index.php?rest_route=%2Fwp%2Fv2%2Fmedia&parent=45"}],"curies":[{"name":"wp","href":"https:\/\/api.w.org\/{rel}","templated":true}]}}