{"id":51,"date":"2024-10-03T09:44:42","date_gmt":"2024-10-03T09:44:42","guid":{"rendered":"https:\/\/jahilaskmine.ee\/?page_id=51"},"modified":"2024-10-04T12:27:08","modified_gmt":"2024-10-04T12:27:08","slug":"hinnakiri","status":"publish","type":"page","link":"https:\/\/jahilaskmine.ee\/?page_id=51","title":{"rendered":"Hinnakiri"},"content":{"rendered":"\n<p><strong>Oma relva ja laskemoonaga laskmisel tiirus:<\/strong><\/p>\n\n\n\n<p>Ametlikel laskep\u00e4evadel (suvel K ja P ning talvel P) on laskeseeria (25 m\u00e4rki) hinnaks 7.-EURO<br><\/p>\n\n\n\n<p>Laskmist on v\u00f5imalik harjutada ka v\u00e4ljaspool ametlikke lahtioleku p\u00e4evi.<br>Selleks tuleb eelnevalt kokku leppida aeg ning laskeseeria (25 m\u00e4rki) hinnaks on 10.-EURO. Minimaalne laskeseeriate arv on k\u00fcmme ehk (250 m\u00e4rki).<br><strong>Palume aeg kokku leppida minimaalselt 5 p\u00e4eva varem!<\/strong><\/p>\n\n\n\n<p><\/p>\n\n\n\n<p><strong>Ettev\u00f5tetele ja gruppidele pakume laskepakette, kus pole tarvis omada relvaluba, relva ega laskemoona. Meie poolt on teile kogu laskmiseks vajalik, alustades relvadest ning l\u00f5petades isikukaitsevahenditega. <\/strong><br><strong>Lisaks jagab n\u00e4pun\u00e4iteid laksmist l\u00e4biviiv instruktor.<\/strong><br>Seeria hind (25 m\u00e4rki) 35.-EURO ja minimaalne seeriate arv 8 (200 m\u00e4rki).<br><strong>Palume aeg kokku leppida minimaalselt 7 p\u00e4eva varem!<\/strong><\/p>\n\n\n\n<p><\/p>\n","protected":false},"excerpt":{"rendered":"<p>Oma relva ja laskemoonaga laskmisel tiirus: Ametlikel laskep\u00e4evadel (suvel K ja P ning talvel P) on laskeseeria (25 m\u00e4rki) hinnaks 7.-EURO Laskmist on v\u00f5imalik harjutada ka v\u00e4ljaspool ametlikke lahtioleku p\u00e4evi.Selleks tuleb eelnevalt kokku leppida aeg ning laskeseeria (25 m\u00e4rki) hinnaks on 10.-EURO. Minimaalne laskeseeriate arv on k\u00fcmme ehk (250 m\u00e4rki).Palume aeg kokku leppida minimaalselt 5 [&hellip;]<\/p>\n","protected":false},"author":1,"featured_media":0,"parent":0,"menu_order":0,"comment_status":"closed","ping_status":"closed","template":"","meta":{"footnotes":""},"class_list":["post-51","page","type-page","status-publish","hentry"],"_links":{"self":[{"href":"https:\/\/jahilaskmine.ee\/index.php?rest_route=\/wp\/v2\/pages\/51","targetHints":{"allow":["GET"]}}],"collection":[{"href":"https:\/\/jahilaskmine.ee\/index.php?rest_route=\/wp\/v2\/pages"}],"about":[{"href":"https:\/\/jahilaskmine.ee\/index.php?rest_route=\/wp\/v2\/types\/page"}],"author":[{"embeddable":true,"href":"https:\/\/jahilaskmine.ee\/index.php?rest_route=\/wp\/v2\/users\/1"}],"replies":[{"embeddable":true,"href":"https:\/\/jahilaskmine.ee\/index.php?rest_route=%2Fwp%2Fv2%2Fcomments&post=51"}],"version-history":[{"count":14,"href":"https:\/\/jahilaskmine.ee\/index.php?rest_route=\/wp\/v2\/pages\/51\/revisions"}],"predecessor-version":[{"id":138,"href":"https:\/\/jahilaskmine.ee\/index.php?rest_route=\/wp\/v2\/pages\/51\/revisions\/138"}],"wp:attachment":[{"href":"https:\/\/jahilaskmine.ee\/index.php?rest_route=%2Fwp%2Fv2%2Fmedia&parent=51"}],"curies":[{"name":"wp","href":"https:\/\/api.w.org\/{rel}","templated":true}]}}